{"id":589,"date":"2023-05-16T09:20:59","date_gmt":"2023-05-16T07:20:59","guid":{"rendered":"https:\/\/pit.primah.org\/?page_id=589"},"modified":"2025-11-06T17:44:05","modified_gmt":"2025-11-06T15:44:05","slug":"trol-of-lol","status":"publish","type":"page","link":"https:\/\/pit.primah.org\/?page_id=589","title":{"rendered":"Trol of LOL"},"content":{"rendered":"\t\t<div data-elementor-type=\"wp-page\" data-elementor-id=\"589\" class=\"elementor elementor-589\">\n\t\t\t\t\t\t<section class=\"elementor-section elementor-top-section elementor-element elementor-element-5a617c5 elementor-section-boxed elementor-section-height-default elementor-section-height-default\" data-id=\"5a617c5\" data-element_type=\"section\" data-e-type=\"section\">\n\t\t\t\t\t\t<div class=\"elementor-container elementor-column-gap-default\">\n\t\t\t\t\t<div class=\"elementor-column elementor-col-50 elementor-top-column elementor-element elementor-element-31b73d4\" data-id=\"31b73d4\" data-element_type=\"column\" data-e-type=\"column\">\n\t\t\t<div class=\"elementor-widget-wrap elementor-element-populated\">\n\t\t\t\t\t\t<div class=\"elementor-element elementor-element-338ee0b elementor-invisible elementor-widget elementor-widget-heading\" data-id=\"338ee0b\" data-element_type=\"widget\" data-e-type=\"widget\" data-settings=\"{&quot;_animation&quot;:&quot;fadeInUp&quot;}\" data-widget_type=\"heading.default\">\n\t\t\t\t<div class=\"elementor-widget-container\">\n\t\t\t\t\t<h2 class=\"elementor-heading-title elementor-size-default\">Over deze module<\/h2>\t\t\t\t<\/div>\n\t\t\t\t<\/div>\n\t\t\t\t<div class=\"elementor-element elementor-element-ac33b75 elementor-invisible elementor-widget elementor-widget-text-editor\" data-id=\"ac33b75\" data-element_type=\"widget\" data-e-type=\"widget\" data-settings=\"{&quot;_animation&quot;:&quot;fadeInUp&quot;,&quot;_animation_delay&quot;:100}\" data-widget_type=\"text-editor.default\">\n\t\t\t\t<div class=\"elementor-widget-container\">\n\t\t\t\t\t\t\t\t\t<p>In deze module bespreek je het fenomeen &#8216;Internettrol&#8217;. Wat is een trol en wat beweegt hem\/haar om te trollen?&nbsp;<\/p>\t\t\t\t\t\t\t\t<\/div>\n\t\t\t\t<\/div>\n\t\t\t\t\t<\/div>\n\t\t<\/div>\n\t\t\t\t<div class=\"elementor-column elementor-col-50 elementor-top-column elementor-element elementor-element-3aa8174\" data-id=\"3aa8174\" data-element_type=\"column\" data-e-type=\"column\">\n\t\t\t<div class=\"elementor-widget-wrap elementor-element-populated\">\n\t\t\t\t\t\t<div class=\"elementor-element elementor-element-916b580 elementor-invisible elementor-widget elementor-widget-heading\" data-id=\"916b580\" data-element_type=\"widget\" data-e-type=\"widget\" data-settings=\"{&quot;_animation&quot;:&quot;fadeInUp&quot;}\" data-widget_type=\"heading.default\">\n\t\t\t\t<div class=\"elementor-widget-container\">\n\t\t\t\t\t<h2 class=\"elementor-heading-title elementor-size-default\">Benodigdheden<\/h2>\t\t\t\t<\/div>\n\t\t\t\t<\/div>\n\t\t\t\t<div class=\"elementor-element elementor-element-6c692d8 elementor-invisible elementor-widget elementor-widget-text-editor\" data-id=\"6c692d8\" data-element_type=\"widget\" data-e-type=\"widget\" data-settings=\"{&quot;_animation&quot;:&quot;fadeInUp&quot;,&quot;_animation_delay&quot;:100}\" data-widget_type=\"text-editor.default\">\n\t\t\t\t<div class=\"elementor-widget-container\">\n\t\t\t\t\t\t\t\t\t<p dir=\"ltr\">Digibord met\u00a0<a style=\"font-family: var( --e-global-typography-text-font-family ), Sans-serif; font-weight: var( --e-global-typography-text-font-weight ); background-color: #ffffff; font-size: 1rem;\" href=\"https:\/\/sites.google.com\/primahkids.nl\/digibordtooldg\/gedrag\/lol-of-trol\" target=\"_blank\" rel=\"noopener\">Digibordtool<\/a><\/p><p>Kleurenkaartjes per leerling<\/p>\t\t\t\t\t\t\t\t<\/div>\n\t\t\t\t<\/div>\n\t\t\t\t\t<\/div>\n\t\t<\/div>\n\t\t\t\t\t<\/div>\n\t\t<\/section>\n\t\t\t\t<section class=\"elementor-section elementor-top-section elementor-element elementor-element-cce6ace elementor-section-boxed elementor-section-height-default elementor-section-height-default\" data-id=\"cce6ace\" data-element_type=\"section\" data-e-type=\"section\">\n\t\t\t\t\t\t<div class=\"elementor-container elementor-column-gap-default\">\n\t\t\t\t\t<div class=\"elementor-column elementor-col-100 elementor-top-column elementor-element elementor-element-01f5523\" data-id=\"01f5523\" data-element_type=\"column\" data-e-type=\"column\">\n\t\t\t<div class=\"elementor-widget-wrap elementor-element-populated\">\n\t\t\t\t\t\t<div class=\"elementor-element elementor-element-6b1fc94 elementor-invisible elementor-widget elementor-widget-heading\" data-id=\"6b1fc94\" data-element_type=\"widget\" data-e-type=\"widget\" data-settings=\"{&quot;_animation&quot;:&quot;fadeInUp&quot;}\" data-widget_type=\"heading.default\">\n\t\t\t\t<div class=\"elementor-widget-container\">\n\t\t\t\t\t<h2 class=\"elementor-heading-title elementor-size-default\">Lesverloop<\/h2>\t\t\t\t<\/div>\n\t\t\t\t<\/div>\n\t\t\t\t<div class=\"elementor-element elementor-element-28e91c8 elementor-invisible elementor-widget elementor-widget-text-editor\" data-id=\"28e91c8\" data-element_type=\"widget\" data-e-type=\"widget\" data-settings=\"{&quot;_animation&quot;:&quot;fadeInUp&quot;,&quot;_animation_delay&quot;:100}\" data-widget_type=\"text-editor.default\">\n\t\t\t\t<div class=\"elementor-widget-container\">\n\t\t\t\t\t\t\t\t\t<h4 dir=\"ltr\">Introductie:<\/h4>\t\t\t\t\t\t\t\t<\/div>\n\t\t\t\t<\/div>\n\t\t\t\t<div class=\"elementor-element elementor-element-7a69fa7 elementor-invisible elementor-widget elementor-widget-text-editor\" data-id=\"7a69fa7\" data-element_type=\"widget\" data-e-type=\"widget\" data-settings=\"{&quot;_animation&quot;:&quot;fadeInUp&quot;,&quot;_animation_delay&quot;:200}\" data-widget_type=\"text-editor.default\">\n\t\t\t\t<div class=\"elementor-widget-container\">\n\t\t\t\t\t\t\t\t\t<p dir=\"ltr\">Stel de vraag: Wat is een trol? Vermoedelijk komen de leerlingen met wezens uit sprookjes, maar in een enkele klas zal ook de internet trol genoemd worden. Kunnen ze dan ook omschrijven wat een (internet) trol is?<\/p>\t\t\t\t\t\t\t\t<\/div>\n\t\t\t\t<\/div>\n\t\t\t\t<div class=\"elementor-element elementor-element-7530264 elementor-invisible elementor-widget elementor-widget-text-editor\" data-id=\"7530264\" data-element_type=\"widget\" data-e-type=\"widget\" data-settings=\"{&quot;_animation&quot;:&quot;fadeInUp&quot;,&quot;_animation_delay&quot;:100}\" data-widget_type=\"text-editor.default\">\n\t\t\t\t<div class=\"elementor-widget-container\">\n\t\t\t\t\t\t\t\t\t<h4 dir=\"ltr\">Kern:<\/h4>\t\t\t\t\t\t\t\t<\/div>\n\t\t\t\t<\/div>\n\t\t\t\t<div class=\"elementor-element elementor-element-c4f29b9 elementor-invisible elementor-widget elementor-widget-text-editor\" data-id=\"c4f29b9\" data-element_type=\"widget\" data-e-type=\"widget\" data-settings=\"{&quot;_animation&quot;:&quot;fadeInUp&quot;,&quot;_animation_delay&quot;:200}\" data-widget_type=\"text-editor.default\">\n\t\t\t\t<div class=\"elementor-widget-container\">\n\t\t\t\t\t\t\t\t\t<p>Laat het eerste filmpje van de&nbsp;<a href=\"https:\/\/sites.google.com\/primahkids.nl\/digibordtooldg\/gedrag\/lol-of-trol\" target=\"_blank\">Digibordtool<\/a>&nbsp;zien. Daarin wordt uitgelegd wat een internet trol is, waar de term vandaan komt en hoe je het beste met een trol om kunt gaan. Belangrijk hierin is dat een trol geen persoonlijk oogpunt naar zijn slachtoffer heeft. het gaat de trol er om dat er reactie komt, hoe meer hoe beter. OF nou nou bijval voor het slachtoffer is of dat men met de trol mee gaat praten maakt niet uit. Het liefst heeft een Trol dat beide gebeurt, want dan gaat men vaak ook weer op elk\u00e1\u00e1r reageren en barst de discussie helem\u00e1\u00e1l los.&nbsp;<\/p>\n<p>Hierin zit ook het verschil met een internet pester. Bespreek dit met de leerlingen.<\/p>\n<ul>\n<li>Een pester pest iemand om zelf binnen de groep een hogere sociale status te krijgen. &#8216;Kijk wat ik durf&#8217;, in de hoop dat anderen je stoer vinden.&nbsp;<\/li>\n<li>Een internet trol krijgt door zijn negiatieve sociale potentie energie van het lijden en de chaos in het algemeen, onafhankelijk van w\u00ede er lijdt.&nbsp;<\/li>\n<\/ul>\n<p>Het is daarom belangrijk (en tevens de moeilijkheid voor leerlingen) te herkennen wat de drijfveer achter het vervelende gedrag is. Is het pestgedrag, dan helpt het om je daar tegen af te zetten (eventueel met behulp van een ouder of leerkracht). Is het trollengedrag, dan moet je dat JUIST NIET doen en kun je het het beste negeren.&nbsp;<\/p>\t\t\t\t\t\t\t\t<\/div>\n\t\t\t\t<\/div>\n\t\t\t\t<div class=\"elementor-element elementor-element-7da3dd9 elementor-invisible elementor-widget elementor-widget-text-editor\" data-id=\"7da3dd9\" data-element_type=\"widget\" data-e-type=\"widget\" data-settings=\"{&quot;_animation&quot;:&quot;fadeInUp&quot;,&quot;_animation_delay&quot;:100}\" data-widget_type=\"text-editor.default\">\n\t\t\t\t<div class=\"elementor-widget-container\">\n\t\t\t\t\t\t\t\t\t<h4 dir=\"ltr\">Begeleide inoefening:<\/h4>\t\t\t\t\t\t\t\t<\/div>\n\t\t\t\t<\/div>\n\t\t\t\t<div class=\"elementor-element elementor-element-77c7379 elementor-invisible elementor-widget elementor-widget-text-editor\" data-id=\"77c7379\" data-element_type=\"widget\" data-e-type=\"widget\" data-settings=\"{&quot;_animation&quot;:&quot;fadeInUp&quot;,&quot;_animation_delay&quot;:200}\" data-widget_type=\"text-editor.default\">\n\t\t\t\t<div class=\"elementor-widget-container\">\n\t\t\t\t\t\t\t\t\t<p>Geef de leerlingen allemaal 2 kleuren kaartjes (of gebruik hiervoor iets dat al gebruikelijk is in de klas). Vertel dat je 4 situaties voor gaat lezen. Na elke situatie stel ze de vraag of het om een trol of een pester gaat en moeten de leerlingen de corresponderende kleur omhoog houden. Wanneer je merkt dat de leerlingen dit teveel van elkaar kopieeren, kan het eventueel met de ogen dicht.\u00a0<\/p><p>Laat na elke situatie een leerling die het goed had ook uitleggen waar hij\/zij het aan herkend had dat het om een trol of een pester ging.\u00a0<\/p><p>De situaties:<\/p><ol><li>Annet is niet zo populair bij de andere meiden in de klas. Op een dag heeft ze een nieuwe zelf gebreide trui aan die ze dat weekend van haar oma heeft gekregen. De andere meiden vinden dat maar stom en die middag verschijnt er een foto op de groepsapp van Annet in haar nieuwe trui met de tekst #fashion don&#8217;t. (pester)<\/li><li>Vincent heeft een drone en maakt daar filmpjes mee voor op zijn youtube kanaal. Zijn abonnees zijn vooral familieleden en een aantal klasgenoten. Onder zijn nieuwste filmpje, waarin hij een kleurrijk tulpenveld filmt, wordt gepost: &#8220;Lekker respectvol, met je drone over een begraafplaats vliegen.&#8221; (Trol)<\/li><li>Peter is nieuw in de klas. Hij kent nog lang niet iedereen goed, maar hij heeft al een paar vrienden gemaakt. Op de 3 dag staat er onder een Insta post ineens &#8216;Loser&#8217; vanuit een account dat hij niet kent. (Pester)<\/li><li>Suzan is heel actief op Tiktok. Ze doet alle nieuwe dansjes, soms ook met vriendinnen. Onder haar laatste video werd de commmetn geplaatst: &#8220;Stonden jullie onder stroom toen jullie dit opnamen?&#8221; (Trol)<\/li><\/ol>\t\t\t\t\t\t\t\t<\/div>\n\t\t\t\t<\/div>\n\t\t\t\t<div class=\"elementor-element elementor-element-717f56f elementor-invisible elementor-widget elementor-widget-text-editor\" data-id=\"717f56f\" data-element_type=\"widget\" data-e-type=\"widget\" data-settings=\"{&quot;_animation&quot;:&quot;fadeInUp&quot;,&quot;_animation_delay&quot;:100}\" data-widget_type=\"text-editor.default\">\n\t\t\t\t<div class=\"elementor-widget-container\">\n\t\t\t\t\t\t\t\t\t<h4 dir=\"ltr\">Afsluiting:<\/h4>\n<div>Sluit er mee af dat er een trol in ons allemaal schuilt. Iedereen heeft wel eens in de situatie gezeten dat het leuk was om er ergens een reactie op te krijgen. Denk maar aan een kat die op schoot ligt met een uitstekend haartje op zijn oor. Als je aan dat haartje kriebelt, flappert de kat met zijn oor. Dus wat doe je? Precies, je kriebelt nog een keer! en misschien daarna n\u00f3g wel een paar keer. Niet omdat je die kat onaardig vindt, maar gewoon omdat het leuk is om een reactie te krijgen.&nbsp;<br><\/div><p><br><\/p><p>Dat is niet meteen heel erg, maar ook een trol is ooit zo begonnen. Gelukkig kunnen wij nu we dit weten goed nadenken over ons eigen gedrag en op tijd ook weer stoppen.&nbsp;<\/p>\t\t\t\t\t\t\t\t<\/div>\n\t\t\t\t<\/div>\n\t\t\t\t\t<\/div>\n\t\t<\/div>\n\t\t\t\t\t<\/div>\n\t\t<\/section>\n\t\t\t\t<\/div>\n\t\t","protected":false},"excerpt":{"rendered":"<p>Over deze module In deze module bespreek je het fenomeen &#8216;Internettrol&#8217;. Wat is een trol en wat beweegt hem\/haar om te trollen?&nbsp; Benodigdheden Digibord met\u00a0Digibordtool Kleurenkaartjes per leerling Lesverloop Introductie: Stel de vraag: Wat is een trol? Vermoedelijk komen de leerlingen met wezens uit sprookjes, maar in een enkele klas zal ook de internet trol [&hellip;]<\/p>\n","protected":false},"author":2,"featured_media":0,"parent":2343,"menu_order":0,"comment_status":"closed","ping_status":"closed","template":"","meta":{"footnotes":""},"class_list":["post-589","page","type-page","status-publish","hentry"],"_links":{"self":[{"href":"https:\/\/pit.primah.org\/index.php?rest_route=\/wp\/v2\/pages\/589","targetHints":{"allow":["GET"]}}],"collection":[{"href":"https:\/\/pit.primah.org\/index.php?rest_route=\/wp\/v2\/pages"}],"about":[{"href":"https:\/\/pit.primah.org\/index.php?rest_route=\/wp\/v2\/types\/page"}],"author":[{"embeddable":true,"href":"https:\/\/pit.primah.org\/index.php?rest_route=\/wp\/v2\/users\/2"}],"replies":[{"embeddable":true,"href":"https:\/\/pit.primah.org\/index.php?rest_route=%2Fwp%2Fv2%2Fcomments&post=589"}],"version-history":[{"count":13,"href":"https:\/\/pit.primah.org\/index.php?rest_route=\/wp\/v2\/pages\/589\/revisions"}],"predecessor-version":[{"id":964,"href":"https:\/\/pit.primah.org\/index.php?rest_route=\/wp\/v2\/pages\/589\/revisions\/964"}],"up":[{"embeddable":true,"href":"https:\/\/pit.primah.org\/index.php?rest_route=\/wp\/v2\/pages\/2343"}],"wp:attachment":[{"href":"https:\/\/pit.primah.org\/index.php?rest_route=%2Fwp%2Fv2%2Fmedia&parent=589"}],"curies":[{"name":"wp","href":"https:\/\/api.w.org\/{rel}","templated":true}]}}