{"id":297,"date":"2023-04-13T10:31:35","date_gmt":"2023-04-13T08:31:35","guid":{"rendered":"https:\/\/pit.primah.org\/?page_id=297"},"modified":"2026-03-24T09:56:32","modified_gmt":"2026-03-24T07:56:32","slug":"online-communicatie","status":"publish","type":"page","link":"https:\/\/pit.primah.org\/?page_id=297","title":{"rendered":"(online) communicatie?"},"content":{"rendered":"\t\t<div data-elementor-type=\"wp-page\" data-elementor-id=\"297\" class=\"elementor elementor-297\">\n\t\t\t\t\t\t<section class=\"elementor-section elementor-top-section elementor-element elementor-element-9d80280 elementor-section-boxed elementor-section-height-default elementor-section-height-default\" data-id=\"9d80280\" data-element_type=\"section\" data-e-type=\"section\">\n\t\t\t\t\t\t<div class=\"elementor-container elementor-column-gap-default\">\n\t\t\t\t\t<div class=\"elementor-column elementor-col-50 elementor-top-column elementor-element elementor-element-5fe778d\" data-id=\"5fe778d\" data-element_type=\"column\" data-e-type=\"column\">\n\t\t\t<div class=\"elementor-widget-wrap elementor-element-populated\">\n\t\t\t\t\t\t<div class=\"elementor-element elementor-element-2e0037d elementor-invisible elementor-widget elementor-widget-heading\" data-id=\"2e0037d\" data-element_type=\"widget\" data-e-type=\"widget\" data-settings=\"{&quot;_animation&quot;:&quot;fadeInUp&quot;}\" data-widget_type=\"heading.default\">\n\t\t\t\t<div class=\"elementor-widget-container\">\n\t\t\t\t\t<h2 class=\"elementor-heading-title elementor-size-default\">Over deze module<\/h2>\t\t\t\t<\/div>\n\t\t\t\t<\/div>\n\t\t\t\t<div class=\"elementor-element elementor-element-e8ec513 elementor-invisible elementor-widget elementor-widget-text-editor\" data-id=\"e8ec513\" data-element_type=\"widget\" data-e-type=\"widget\" data-settings=\"{&quot;_animation&quot;:&quot;fadeInUp&quot;,&quot;_animation_delay&quot;:100}\" data-widget_type=\"text-editor.default\">\n\t\t\t\t<div class=\"elementor-widget-container\">\n\t\t\t\t\t\t\t\t\t<p dir=\"ltr\">In deze module wordt uitgelegd dat er verschillende vormen van communicatie zijn. Communicatie bestaat uit meer dan alleen woorden. En dat maakt het nou soms net zo lastig om online een boodschap goed over te brengen.\u00a0<\/p>\t\t\t\t\t\t\t\t<\/div>\n\t\t\t\t<\/div>\n\t\t\t\t\t<\/div>\n\t\t<\/div>\n\t\t\t\t<div class=\"elementor-column elementor-col-50 elementor-top-column elementor-element elementor-element-a920c6d\" data-id=\"a920c6d\" data-element_type=\"column\" data-e-type=\"column\">\n\t\t\t<div class=\"elementor-widget-wrap elementor-element-populated\">\n\t\t\t\t\t\t<div class=\"elementor-element elementor-element-51d8022 elementor-invisible elementor-widget elementor-widget-heading\" data-id=\"51d8022\" data-element_type=\"widget\" data-e-type=\"widget\" data-settings=\"{&quot;_animation&quot;:&quot;fadeInUp&quot;}\" data-widget_type=\"heading.default\">\n\t\t\t\t<div class=\"elementor-widget-container\">\n\t\t\t\t\t<h2 class=\"elementor-heading-title elementor-size-default\">Benodigdheden<\/h2>\t\t\t\t<\/div>\n\t\t\t\t<\/div>\n\t\t\t\t<div class=\"elementor-element elementor-element-5e052b4 elementor-invisible elementor-widget elementor-widget-text-editor\" data-id=\"5e052b4\" data-element_type=\"widget\" data-e-type=\"widget\" data-settings=\"{&quot;_animation&quot;:&quot;fadeInUp&quot;,&quot;_animation_delay&quot;:100}\" data-widget_type=\"text-editor.default\">\n\t\t\t\t<div class=\"elementor-widget-container\">\n\t\t\t\t\t\t\t\t\t<p dir=\"ltr\"><span style=\"color: var( --e-global-color-text ); font-family: var( --e-global-typography-text-font-family ), Sans-serif; font-weight: var( --e-global-typography-text-font-weight ); font-size: 1rem;\">Digibord met\u00a0<\/span><a style=\"font-family: var( --e-global-typography-text-font-family ), Sans-serif; font-weight: var( --e-global-typography-text-font-weight ); background-color: #ffffff; font-size: 1rem;\" href=\"https:\/\/sites.google.com\/primahkids.nl\/digibordtooldg\/media\/online-communicatie\" target=\"_blank\" rel=\"noopener\">Digibordtool<\/a><\/p><p dir=\"ltr\"><span style=\"background-color: transparent; color: var( --e-global-color-text ); font-family: var( --e-global-typography-text-font-family ), Sans-serif; font-weight: var( --e-global-typography-text-font-weight );\">Lijst met\u00a0<\/span><a style=\"font-family: var( --e-global-typography-text-font-family ), Sans-serif; font-weight: var( --e-global-typography-text-font-weight );\" href=\"https:\/\/pit.primah.org\/wp-content\/uploads\/2023\/05\/nieuwe-emoji.jpg\" target=\"_blank\" rel=\"noopener\">emoji&#8217;s\u00a0<\/a><\/p><p dir=\"ltr\">Elke leerling pen en papier.\u00a0<\/p><p dir=\"ltr\">\u00a0<\/p>\t\t\t\t\t\t\t\t<\/div>\n\t\t\t\t<\/div>\n\t\t\t\t\t<\/div>\n\t\t<\/div>\n\t\t\t\t\t<\/div>\n\t\t<\/section>\n\t\t\t\t<section class=\"elementor-section elementor-top-section elementor-element elementor-element-57c3841 elementor-section-boxed elementor-section-height-default elementor-section-height-default\" data-id=\"57c3841\" data-element_type=\"section\" data-e-type=\"section\">\n\t\t\t\t\t\t<div class=\"elementor-container elementor-column-gap-default\">\n\t\t\t\t\t<div class=\"elementor-column elementor-col-100 elementor-top-column elementor-element elementor-element-b843c7d\" data-id=\"b843c7d\" data-element_type=\"column\" data-e-type=\"column\">\n\t\t\t<div class=\"elementor-widget-wrap elementor-element-populated\">\n\t\t\t\t\t\t<div class=\"elementor-element elementor-element-e5f9ac1 elementor-invisible elementor-widget elementor-widget-heading\" data-id=\"e5f9ac1\" data-element_type=\"widget\" data-e-type=\"widget\" data-settings=\"{&quot;_animation&quot;:&quot;fadeInUp&quot;}\" data-widget_type=\"heading.default\">\n\t\t\t\t<div class=\"elementor-widget-container\">\n\t\t\t\t\t<h2 class=\"elementor-heading-title elementor-size-default\">Lesverloop<\/h2>\t\t\t\t<\/div>\n\t\t\t\t<\/div>\n\t\t\t\t<div class=\"elementor-element elementor-element-f673835 elementor-invisible elementor-widget elementor-widget-text-editor\" data-id=\"f673835\" data-element_type=\"widget\" data-e-type=\"widget\" data-settings=\"{&quot;_animation&quot;:&quot;fadeInUp&quot;,&quot;_animation_delay&quot;:100}\" data-widget_type=\"text-editor.default\">\n\t\t\t\t<div class=\"elementor-widget-container\">\n\t\t\t\t\t\t\t\t\t<h4 dir=\"ltr\">Introductie:<\/h4>\t\t\t\t\t\t\t\t<\/div>\n\t\t\t\t<\/div>\n\t\t\t\t<div class=\"elementor-element elementor-element-25c3a66 elementor-invisible elementor-widget elementor-widget-text-editor\" data-id=\"25c3a66\" data-element_type=\"widget\" data-e-type=\"widget\" data-settings=\"{&quot;_animation&quot;:&quot;fadeInUp&quot;,&quot;_animation_delay&quot;:200}\" data-widget_type=\"text-editor.default\">\n\t\t\t\t<div class=\"elementor-widget-container\">\n\t\t\t\t\t\t\t\t\t<p dir=\"ltr\">Laat de leelingen de eerste video zien op de\u00a0<a href=\"https:\/\/sites.google.com\/primahkids.nl\/digibordtooldg\/media\/online-communicatie\" target=\"_blank\" rel=\"noopener\">Digibordtool<\/a>.\u00a0<\/p>\t\t\t\t\t\t\t\t<\/div>\n\t\t\t\t<\/div>\n\t\t\t\t<div class=\"elementor-element elementor-element-d933441 elementor-invisible elementor-widget elementor-widget-text-editor\" data-id=\"d933441\" data-element_type=\"widget\" data-e-type=\"widget\" data-settings=\"{&quot;_animation&quot;:&quot;fadeInUp&quot;,&quot;_animation_delay&quot;:100}\" data-widget_type=\"text-editor.default\">\n\t\t\t\t<div class=\"elementor-widget-container\">\n\t\t\t\t\t\t\t\t\t<h4 dir=\"ltr\">Kern:<\/h4>\t\t\t\t\t\t\t\t<\/div>\n\t\t\t\t<\/div>\n\t\t\t\t<div class=\"elementor-element elementor-element-4086717 elementor-invisible elementor-widget elementor-widget-text-editor\" data-id=\"4086717\" data-element_type=\"widget\" data-e-type=\"widget\" data-settings=\"{&quot;_animation&quot;:&quot;fadeInUp&quot;,&quot;_animation_delay&quot;:200}\" data-widget_type=\"text-editor.default\">\n\t\t\t\t<div class=\"elementor-widget-container\">\n\t\t\t\t\t\t\t\t\t<p dir=\"ltr\">Vertel dat er veel verschillende manieren zijn om een boodschap over te brengen. Woorden, intonatie, houding, afstand tot elkaar, gezichtsuitdrukking&#8230; Alles telt mee in hoe een boodschap overkomt. Laat de eerste video op de digibordtool nog een keer zien. Herkennen de leerlingen de verschillende vormen van communicatie? Pauzeer de video eventueel wanneer je een duidelijk voorbeeld ziet.\u00a0<\/p><p dir=\"ltr\">De meest bekende (alternatieve) vorm van communicatie is misschien wel gebarentaal. Daarover gaat ook het tweede filmpje van de\u00a0<a href=\"https:\/\/sites.google.com\/primahkids.nl\/digibordtooldg\/media\/online-communicatie\" target=\"_blank\" rel=\"noopener\">Digibordtool<\/a>.\u00a0<\/p><p dir=\"ltr\">\u00a0<\/p>\t\t\t\t\t\t\t\t<\/div>\n\t\t\t\t<\/div>\n\t\t\t\t<div class=\"elementor-element elementor-element-6b457be elementor-invisible elementor-widget elementor-widget-text-editor\" data-id=\"6b457be\" data-element_type=\"widget\" data-e-type=\"widget\" data-settings=\"{&quot;_animation&quot;:&quot;fadeInUp&quot;,&quot;_animation_delay&quot;:100}\" data-widget_type=\"text-editor.default\">\n\t\t\t\t<div class=\"elementor-widget-container\">\n\t\t\t\t\t\t\t\t\t<h4 dir=\"ltr\">Begeleide inoefening:<\/h4>\t\t\t\t\t\t\t\t<\/div>\n\t\t\t\t<\/div>\n\t\t\t\t<div class=\"elementor-element elementor-element-6a24868 elementor-invisible elementor-widget elementor-widget-text-editor\" data-id=\"6a24868\" data-element_type=\"widget\" data-e-type=\"widget\" data-settings=\"{&quot;_animation&quot;:&quot;fadeInUp&quot;,&quot;_animation_delay&quot;:200}\" data-widget_type=\"text-editor.default\">\n\t\t\t\t<div class=\"elementor-widget-container\">\n\t\t\t\t\t\t\t\t\t<p>Laat nu een voor een de geluidsfragmenten van de&nbsp;<a href=\"https:\/\/sites.google.com\/primahkids.nl\/digibordtooldg\/media\/online-communicatie\" target=\"_blank\" rel=\"noopener\">Digibordtool<\/a><a href=\"https:\/\/sites.google.com\/primahkids.nl\/digibordtooldg\/homepage\/online-communicatie\" target=\"_blank\" rel=\"noopener\">&nbsp;<\/a>horen. Begin daarin bij het meest linker fragment (neutraal). In alle fragmenten wordt dezelfde zin gezegd, maar telkens op een andere toon waardoor de boodschap die er in zit verandert. Kunnen de leerlingen bij de fragmenten een situatie noemen waarin hun ouders de zin zo zouden uitspreken? Zijn hierin ook verschillende interpretaties? Zo ja, dat komt dat waarschijnlijk omdat ook hier een deel an de communicatie mist. Je ziet immers niet de gezichtsuitdrukking of de houding van degene die het zegt.&nbsp;<\/p>\n<p>Als je deze zin opschrijft krijg je alleen: &#8220;Heb je je huiswerk al gedaan?&#8221;, maar de bedoeling \u00e1chter de zin kun je met alleen geschreven of getypte woorden n\u00f3\u00f3it duidelijk maken. Als hier extra verduidelijking nodig is voor de klas, kun je het derde filmpje van de <a href=\"https:\/\/sites.google.com\/primahkids.nl\/digibordtooldg\/media\/online-communicatie\">Digibordtool<\/a> laten zien.&nbsp;<\/p>\n<p>Om een een b\u00e9\u00e9tje te compenseren dat je geen emoties in geschreven tekst ziet, zijn Emoji&#8217;s bedacht. Hierover gaat het vierde filmpje van de <a href=\"https:\/\/sites.google.com\/primahkids.nl\/digibordtooldg\/media\/online-communicatie\" target=\"_blank\" rel=\"noopener\">Digibordtool<\/a>.&nbsp;<\/p>\n<p>Laat de leerlingen nu in 1 of 2 zinnen (op een papiertje) een berichtje schrijven over wat ze gisteren gegeten hebben. In de <b><u>tekst <\/u><\/b>van het berichtje m\u00f3et staan dat ze het lekker vonden. Als ze het eigenlijk en\u00f3rm lekker vonden of juist heel erg vies, dan moet dat door de emoji&#8217;s die ze gebruiken duidelijk worden. Neem de berichtjes in en verdeel ze weer over de klas zodat iedereen een berichtje van een ander krijgt. Ga nu een voor een de kinderen bij langs. Vraag van wie ze een berichtje hebben, wat die gegeten heeft en wat hij\/zij er \u00e9cht van vond.&nbsp;<\/p>\t\t\t\t\t\t\t\t<\/div>\n\t\t\t\t<\/div>\n\t\t\t\t<div class=\"elementor-element elementor-element-d7ea05a elementor-invisible elementor-widget elementor-widget-text-editor\" data-id=\"d7ea05a\" data-element_type=\"widget\" data-e-type=\"widget\" data-settings=\"{&quot;_animation&quot;:&quot;fadeInUp&quot;,&quot;_animation_delay&quot;:100}\" data-widget_type=\"text-editor.default\">\n\t\t\t\t<div class=\"elementor-widget-container\">\n\t\t\t\t\t\t\t\t\t<h4 dir=\"ltr\">Afsluiting:<\/h4>\t\t\t\t\t\t\t\t<\/div>\n\t\t\t\t<\/div>\n\t\t\t\t<div class=\"elementor-element elementor-element-52c7c3d elementor-invisible elementor-widget elementor-widget-text-editor\" data-id=\"52c7c3d\" data-element_type=\"widget\" data-e-type=\"widget\" data-settings=\"{&quot;_animation&quot;:&quot;fadeInUp&quot;,&quot;_animation_delay&quot;:200}\" data-widget_type=\"text-editor.default\">\n\t\t\t\t<div class=\"elementor-widget-container\">\n\t\t\t\t\t\t\t\t\t<p>Goed communiceren is best lastig. Een boodschap kan altijd anders begrepen worden dan dat je bedoeld had. Hoe meer vormen van communicatie tegelijk kunt gebruiken, hoe beter je te begrijpen bent. Denk bij online communicatie dus goed na over hoe de ander jouw bericht zou kunnen lezen.&nbsp;<\/p>\n<p>En sommige mensen maken het zichzelf wel heel erg moeilijk. Dat kun je zien in het laatste filmpje van de <a href=\"https:\/\/sites.google.com\/primahkids.nl\/digibordtooldg\/media\/online-communicatie\" target=\"_blank\" rel=\"noopener\">Digibordtool<\/a>.&nbsp;<\/p>\t\t\t\t\t\t\t\t<\/div>\n\t\t\t\t<\/div>\n\t\t\t\t\t<\/div>\n\t\t<\/div>\n\t\t\t\t\t<\/div>\n\t\t<\/section>\n\t\t\t\t<\/div>\n\t\t","protected":false},"excerpt":{"rendered":"<p>Over deze module In deze module wordt uitgelegd dat er verschillende vormen van communicatie zijn. Communicatie bestaat uit meer dan alleen woorden. En dat maakt het nou soms net zo lastig om online een boodschap goed over te brengen.\u00a0 Benodigdheden Digibord met\u00a0Digibordtool Lijst met\u00a0emoji&#8217;s\u00a0 Elke leerling pen en papier.\u00a0 \u00a0 Lesverloop Introductie: Laat de leelingen [&hellip;]<\/p>\n","protected":false},"author":2,"featured_media":0,"parent":2351,"menu_order":0,"comment_status":"closed","ping_status":"closed","template":"","meta":{"footnotes":""},"class_list":["post-297","page","type-page","status-publish","hentry"],"_links":{"self":[{"href":"https:\/\/pit.primah.org\/index.php?rest_route=\/wp\/v2\/pages\/297","targetHints":{"allow":["GET"]}}],"collection":[{"href":"https:\/\/pit.primah.org\/index.php?rest_route=\/wp\/v2\/pages"}],"about":[{"href":"https:\/\/pit.primah.org\/index.php?rest_route=\/wp\/v2\/types\/page"}],"author":[{"embeddable":true,"href":"https:\/\/pit.primah.org\/index.php?rest_route=\/wp\/v2\/users\/2"}],"replies":[{"embeddable":true,"href":"https:\/\/pit.primah.org\/index.php?rest_route=%2Fwp%2Fv2%2Fcomments&post=297"}],"version-history":[{"count":25,"href":"https:\/\/pit.primah.org\/index.php?rest_route=\/wp\/v2\/pages\/297\/revisions"}],"predecessor-version":[{"id":2744,"href":"https:\/\/pit.primah.org\/index.php?rest_route=\/wp\/v2\/pages\/297\/revisions\/2744"}],"up":[{"embeddable":true,"href":"https:\/\/pit.primah.org\/index.php?rest_route=\/wp\/v2\/pages\/2351"}],"wp:attachment":[{"href":"https:\/\/pit.primah.org\/index.php?rest_route=%2Fwp%2Fv2%2Fmedia&parent=297"}],"curies":[{"name":"wp","href":"https:\/\/api.w.org\/{rel}","templated":true}]}}